{"id":312,"date":"2021-07-25T20:01:04","date_gmt":"2021-07-25T18:01:04","guid":{"rendered":"https:\/\/chambreliberte.com\/?page_id=312"},"modified":"2024-05-20T17:22:56","modified_gmt":"2024-05-20T15:22:56","slug":"conditions-de-letablissement","status":"publish","type":"page","link":"https:\/\/chambreliberte.com\/index.php\/conditions-de-letablissement\/","title":{"rendered":"Conditions de l&rsquo;\u00e9tablissement"},"content":{"rendered":"\n<h3 class=\"wp-block-heading\"><strong>CONDITIONS DE VENTES<\/strong><\/h3>\n\n\n\n<h3 class=\"wp-block-heading\">Paiement par Paypal ou par t\u00e9l\u00e9phone<\/h3>\n\n\n\n<p>Paiement s\u00e9curis\u00e9 avec Paypal. Par t\u00e9l\u00e9phone 07 60 19 63 24.<\/p>\n\n\n\n<h3 class=\"wp-block-heading\">Enfants<\/h3>\n\n\n\n<h5 class=\"wp-block-heading\">Conditions relatives aux enfants<\/h5>\n\n\n\n<p>Les enfants de moins de 3 ans ne sont pas autoris\u00e9s.<\/p>\n\n\n\n<h3 class=\"wp-block-heading\">Restriction relative \u00e0 l&rsquo;\u00e2ge<\/h3>\n\n\n\n<p>Les clients doivent avoir au minimum 18 ans pour pouvoir s&rsquo;enregistrer.<\/p>\n\n\n\n<h3 class=\"wp-block-heading\">F\u00eates<\/h3>\n\n\n\n<p>Les f\u00eates\/\u00e9v\u00e9nements ne sont pas autoris\u00e9s.<\/p>\n\n\n\n<h3 class=\"wp-block-heading\">Heures silencieuses<\/h3>\n\n\n\n<p>Les clients doivent \u00e9viter de faire du bruit entre 23h00 et 7h00.<\/p>\n\n\n\n<h3 class=\"wp-block-heading\">Animaux domestiques<\/h3>\n\n\n\n<p>Les animaux de compagnie sont admis (sans suppl\u00e9ment).<\/p>\n\n\n\n<h3 class=\"wp-block-heading\">D\u00e9p\u00f4t de garantie remboursable<\/h3>\n\n\n\n<p>Un d\u00e9p\u00f4t de garantie d&rsquo;un montant de 700\u20ac est demand\u00e9 \u00e0 l&rsquo;arriv\u00e9e pour un long s\u00e9jour, si vous souhaitez une clef de l\u2019\u00e9tablissement (cela ne concerne,e pas le studio ind\u00e9pendant). Il devra \u00eatre pay\u00e9 en esp\u00e8ces. Le remboursement devrait \u00eatre effectu\u00e9 le jour de votre d\u00e9part. Le d\u00e9p\u00f4t de garantie vous sera enti\u00e8rement rembours\u00e9 en esp\u00e8ces, si aucun dommage n&rsquo;a \u00e9t\u00e9 constat\u00e9 dans l&rsquo;\u00e9tablissement.<\/p>\n\n\n\n<h3 class=\"wp-block-heading\">Annulation<\/h3>\n\n\n\n<p>Les conditions d&rsquo;annulation de notre \u00e9tablissement sont non remboursables.<\/p>\n\n\n\n<div style=\"height:54px\" aria-hidden=\"true\" class=\"wp-block-spacer\"><\/div>\n\n\n\n<hr class=\"wp-block-separator has-css-opacity\"\/>\n\n\n\n<div style=\"height:54px\" aria-hidden=\"true\" class=\"wp-block-spacer\"><\/div>\n\n\n\n<h3 class=\"wp-block-heading\">\u00c0 savoir<\/h3>\n\n\n\n<p>Les arriv\u00e9es se font \u00e0 partir de 19h30, les d\u00e9parts avant 10h30.<\/p>\n\n\n\n<p>Veuillez sonner \u00e0 la porte \u00e0 votre arriv\u00e9e.&nbsp;<\/p>\n\n\n\n<p>Le petit-d\u00e9jeuner est servi \u00e0 partir de 8h00 \u00e0 9h30.&nbsp;<\/p>\n\n\n\n<p>Les paiements par CB et par esp\u00e8ces sont accept\u00e9s. Les paiements par ch\u00e8que ne sont pas accept\u00e9s.<\/p>\n\n\n\n<p>Veuillez noter que des animaux domestiques vivent sur place.<\/p>\n\n\n\n<p>Dans le cadre de la pand\u00e9mie de coronavirus (COVID-19), cet \u00e9tablissement applique actuellement des mesures sanitaires suppl\u00e9mentaires.<\/p>\n\n\n\n<hr class=\"wp-block-separator has-css-opacity\"\/>\n\n\n\n<p><\/p>\n","protected":false},"excerpt":{"rendered":"<p>CONDITIONS DE VENTES Paiement par Paypal ou par t\u00e9l\u00e9phone Paiement s\u00e9curis\u00e9 avec Paypal. Par t\u00e9l\u00e9phone 07 60 19 63 24. Enfants Conditions relatives aux enfants Les enfants de moins de 3 ans ne sont pas autoris\u00e9s. Restriction relative \u00e0 l&rsquo;\u00e2ge Les clients doivent avoir au minimum 18 ans pour pouvoir s&rsquo;enregistrer. F\u00eates Les f\u00eates\/\u00e9v\u00e9nements ne&hellip; <a class=\"more-link\" href=\"https:\/\/chambreliberte.com\/index.php\/conditions-de-letablissement\/\">Poursuivre la lecture <span class=\"screen-reader-text\">Conditions de l&rsquo;\u00e9tablissement<\/span><\/a><\/p>\n","protected":false},"author":1,"featured_media":0,"parent":0,"menu_order":0,"comment_status":"closed","ping_status":"closed","template":"","meta":{"spay_email":"","footnotes":""},"jetpack-related-posts":[{"id":7,"url":"https:\/\/chambreliberte.com\/index.php\/grande-grande-design\/","url_meta":{"origin":312,"position":0},"title":"Grande chambre design","date":"5 mai 2021","format":false,"excerpt":"Grande chambre design, d\u00e9cor\u00e9e de meubles design, grande salle de bain priv\u00e9e, WC \u00e0 l\u2019ext\u00e9rieur de la chambre. \u00c9quipements de la chambre Salle de bain priv\u00e9e Serviettes Gel douche S\u00e8che cheveux Petit d\u00e9jeuner compris 8:00 - 9:30 Wifi Animaux accept\u00e9s Enfant de moins de 3 ans non-autoris\u00e9 Calme R\u00e9servation R\u00c9SERVER\u2026","rel":"","context":"Article similaire","img":{"alt_text":"","src":"https:\/\/i1.wp.com\/chambreliberte.com\/wp-content\/uploads\/2022\/11\/238374341_966816787450585_1927358297146658852_n.jpg?resize=350%2C200&ssl=1","width":350,"height":200},"classes":[]},{"id":126,"url":"https:\/\/chambreliberte.com\/index.php\/chambre-spacieuse\/","url_meta":{"origin":312,"position":1},"title":"Chambre spacieuse","date":"8 mai 2021","format":false,"excerpt":"Chambre spacieuse, d\u00e9cor\u00e9e de meubles design, salle de bain priv\u00e9e, WC \u00e0 l'ext\u00e9rieur de la chambre. \u00c9quipements de la chambre Salle de bain priv\u00e9e Serviettes Gel douche S\u00e8che cheveux Petit d\u00e9jeuner compris 8:00 - 9:30 Wifi Animaux accept\u00e9s Enfant de moins de 3 ans non-autoris\u00e9 Calme R\u00e9servation R\u00c9SERVER Pour r\u00e9server\u2026","rel":"","context":"Article similaire","img":{"alt_text":"","src":"https:\/\/i0.wp.com\/chambreliberte.com\/wp-content\/uploads\/2022\/11\/237338696_525344645242867_5002310289412174559_n.jpg?resize=350%2C200&ssl=1","width":350,"height":200},"classes":[]},{"id":58,"url":"https:\/\/chambreliberte.com\/index.php\/petit-studio-haussmannien\/","url_meta":{"origin":312,"position":2},"title":"Petit Studio Haussmannien","date":"5 mai 2021","format":false,"excerpt":"Petit studio haussmannien ind\u00e9pendant du Libert\u00e9 avec sa cuisine, sa salle de bain et ses toilettes \u00e0 l'ext\u00e9rieur de la pi\u00e8ce, 5\u00e8me \u00e9tage sans ascenseur. \u00c9quipements du studio Petite cuisine Micro-onde N\u00e9cessaire de cuisine Salle de bain S\u00e8che cheveux Serviettes Gel douche Wifi Animaux accept\u00e9s Petit d\u00e9jeuner inclus R\u00e9servation R\u00c9SERVER\u2026","rel":"","context":"Article similaire","img":{"alt_text":"","src":"https:\/\/i0.wp.com\/chambreliberte.com\/wp-content\/uploads\/2024\/05\/Lit-1-1.jpg?resize=350%2C200&ssl=1","width":350,"height":200},"classes":[]},{"id":5,"url":"https:\/\/chambreliberte.com\/","url_meta":{"origin":312,"position":3},"title":"PAGE D&rsquo;ACCUEIL","date":"5 mai 2021","format":false,"excerpt":"Welcome Libert\u00e9 vous accueille. Libert\u00e9 est localis\u00e9 \u00e0 Marseille. En plein coeur du centre ville. \u00c0 deux pas de la Gare Saint Charles. L\u2019\u00e9tablissement dispose de deux chambres d\u2019h\u00f4tes et d\u2019un petit studio haussmannien priv\u00e9. Suivez-nous sur Instagram :) @chambreliberte Chambres 2 Studio 1 Grande chambre design Chambre spacieuse Petit\u2026","rel":"","context":"Article similaire","img":{"alt_text":"","src":"https:\/\/i1.wp.com\/chambreliberte.com\/wp-content\/uploads\/2021\/08\/SALONNEW2.png?resize=350%2C200&ssl=1","width":350,"height":200},"classes":[]}],"_links":{"self":[{"href":"https:\/\/chambreliberte.com\/index.php\/wp-json\/wp\/v2\/pages\/312"}],"collection":[{"href":"https:\/\/chambreliberte.com\/index.php\/wp-json\/wp\/v2\/pages"}],"about":[{"href":"https:\/\/chambreliberte.com\/index.php\/wp-json\/wp\/v2\/types\/page"}],"author":[{"embeddable":true,"href":"https:\/\/chambreliberte.com\/index.php\/wp-json\/wp\/v2\/users\/1"}],"replies":[{"embeddable":true,"href":"https:\/\/chambreliberte.com\/index.php\/wp-json\/wp\/v2\/comments?post=312"}],"version-history":[{"count":35,"href":"https:\/\/chambreliberte.com\/index.php\/wp-json\/wp\/v2\/pages\/312\/revisions"}],"predecessor-version":[{"id":497,"href":"https:\/\/chambreliberte.com\/index.php\/wp-json\/wp\/v2\/pages\/312\/revisions\/497"}],"wp:attachment":[{"href":"https:\/\/chambreliberte.com\/index.php\/wp-json\/wp\/v2\/media?parent=312"}],"curies":[{"name":"wp","href":"https:\/\/api.w.org\/{rel}","templated":true}]}}