{"id":292,"date":"2021-06-12T20:51:42","date_gmt":"2021-06-12T18:51:42","guid":{"rendered":"https:\/\/chambreliberte.com\/?page_id=292"},"modified":"2024-04-20T13:40:26","modified_gmt":"2024-04-20T11:40:26","slug":"reservation-petit-studio","status":"publish","type":"page","link":"https:\/\/chambreliberte.com\/index.php\/reservation-petit-studio\/","title":{"rendered":"R\u00e9servation Petit Studio"},"content":{"rendered":"\n<div class=\"wp-block-abc-shortcodes-booking-form\">\n\t<!-- Advanced Booking Calendar Booking Form - https:\/\/booking-calendar-plugin.com -->\n\t\n\t<div id=\"abc-form-wrapper\">\n\t\t<img alt=\"\u00c7a charge...\" src=\"https:\/\/i2.wp.com\/chambreliberte.com\/wp-admin\/images\/wpspin_light.gif?w=750&#038;ssl=1\" align=\"middle\" class=\"waiting\" id=\"abc_bookinform_loading\" style=\"display:none\" data-recalc-dims=\"1\" \/>\n\t\t<div id=\"abc-form-content\">\n\t\t\t<div class=\"abc-column\">\n\t\t\t\t<form class=\"abc-form\"  method=\"post\">\n\t\t\t\t\t<label for=\"abc-from\">Date d\\'arriv\u00e9e<\/label>\n\t\t\t\t\t<div class=\"abc-input-fa\">\n\t\t\t\t\t\t<span class=\"fa fa-calendar\"><\/span>\n\t\t\t\t\t\t<input id=\"abc-from\" name=\"abc-from\" class=\"abc-from\" readonly=\"true\" value=\"\">\n\t\t\t\t\t<\/div>\n\t\t\t\t\t<label for=\"abc-to\">Date de d\u00e9part<\/label>\n\t\t\t\t\t<div class=\"abc-input-fa\">\n\t\t\t\t\t\t<span class=\"fa fa-calendar\"><\/span>\n\t\t\t\t\t\t<input id=\"abc-to\" name=\"abc-to\" class=\"abc-to\" readonly=\"true\" value=\"\">\n\t\t\t\t\t<\/div>\n\t\t\t<\/div>\n\t\t\t<div class=\"abc-column abc-form\">\n\t\t\t\t\t<label for=\"abc-persons\">Nbre de personnes<\/label>\n\t\t\t\t\t\t<div class=\"abc-input-fa\">\n\t\t\t\t\t\t\t<span class=\"fa fa-female abc-guest1\"><\/span>\n\t\t\t\t\t\t\t<span class=\"fa fa-male abc-guest2\"><\/span>\n\t\t\t\t\t\t\t<select id=\"abc-persons\" name=\"abc-persons\">\n\t\t\t\t\t\t\t\t<option value=\"1\" selected>1<\/option><option value=\"2\">2<\/option>\n\t\t\t\t\t\t\t<\/select>\n\t\t\t\t\t\t<\/div>\n\t\t\t\t\t<input id=\"abcPostTrigger\" type=\"hidden\" name=\"abcPostTrigger\" value=\"0\">\n\t\t\t\t\t<input id=\"abcPostCalendarId\" type=\"hidden\" name=\"abcPostCalendarId\" value=\"3\">\n\t\t\t\t<\/form>\n\t\t\t<\/div>\n\t\t\t<div class=\"abc-form-row\">\n\t\t\t\t<button class=\"abc-submit\" id=\"abc-check-availabilities\"><span id=\"abc-submit-button\" class=\"abc-submit-text\">Choisissez les disponibilit\u00e9s<\/span><span class=\"abc-submit-loading\" >\u00c7a charge...<\/span><\/button>\n\t\t\t\t<button class=\"abc-submit\" id=\"abc-back-to-availabilities\" style=\"display: none;\"><span class=\"abc-submit-text\">Affichez<\/span><\/button>\n\t\t\t<\/div>\n\t\t\t\t\t\t\n\t\t\t<div id=\"abc-bookingresults\"><\/div>\n\t\t<\/div>\n\t<\/div>\n\t\t<\/div>\n","protected":false},"excerpt":{"rendered":"","protected":false},"author":1,"featured_media":0,"parent":0,"menu_order":0,"comment_status":"closed","ping_status":"closed","template":"","meta":{"spay_email":"","footnotes":""},"jetpack-related-posts":[{"id":287,"url":"https:\/\/chambreliberte.com\/index.php\/reservation-chambre-spacieuse\/","url_meta":{"origin":292,"position":0},"title":"R\u00e9servation Chambre Spacieuse","date":"12 juin 2021","format":false,"excerpt":"","rel":"","context":"Article similaire","img":{"alt_text":"","src":"","width":0,"height":0},"classes":[]},{"id":275,"url":"https:\/\/chambreliberte.com\/index.php\/reservation-grande-chambre-design\/","url_meta":{"origin":292,"position":1},"title":"R\u00e9servation Grande Chambre Design","date":"12 juin 2021","format":false,"excerpt":"","rel":"","context":"Article similaire","img":{"alt_text":"","src":"","width":0,"height":0},"classes":[]},{"id":58,"url":"https:\/\/chambreliberte.com\/index.php\/petit-studio-haussmannien\/","url_meta":{"origin":292,"position":2},"title":"Petit Studio Haussmannien","date":"5 mai 2021","format":false,"excerpt":"Petit studio haussmannien ind\u00e9pendant du Libert\u00e9 avec sa cuisine, sa salle de bain et ses toilettes \u00e0 l'ext\u00e9rieur de la pi\u00e8ce, 5\u00e8me \u00e9tage sans ascenseur. \u00c9quipements du studio Petite cuisine Micro-onde N\u00e9cessaire de cuisine Salle de bain S\u00e8che cheveux Serviettes Gel douche Wifi Animaux accept\u00e9s Petit d\u00e9jeuner inclus R\u00e9servation R\u00c9SERVER\u2026","rel":"","context":"Article similaire","img":{"alt_text":"","src":"https:\/\/i0.wp.com\/chambreliberte.com\/wp-content\/uploads\/2024\/05\/Lit-1-1.jpg?resize=350%2C200&ssl=1","width":350,"height":200},"classes":[]},{"id":7,"url":"https:\/\/chambreliberte.com\/index.php\/grande-grande-design\/","url_meta":{"origin":292,"position":3},"title":"Grande chambre design","date":"5 mai 2021","format":false,"excerpt":"Grande chambre design, d\u00e9cor\u00e9e de meubles design, grande salle de bain priv\u00e9e, WC \u00e0 l\u2019ext\u00e9rieur de la chambre. \u00c9quipements de la chambre Salle de bain priv\u00e9e Serviettes Gel douche S\u00e8che cheveux Petit d\u00e9jeuner compris 8:00 - 9:30 Wifi Animaux accept\u00e9s Enfant de moins de 3 ans non-autoris\u00e9 Calme R\u00e9servation R\u00c9SERVER\u2026","rel":"","context":"Article similaire","img":{"alt_text":"","src":"https:\/\/i1.wp.com\/chambreliberte.com\/wp-content\/uploads\/2022\/11\/238374341_966816787450585_1927358297146658852_n.jpg?resize=350%2C200&ssl=1","width":350,"height":200},"classes":[]},{"id":126,"url":"https:\/\/chambreliberte.com\/index.php\/chambre-spacieuse\/","url_meta":{"origin":292,"position":4},"title":"Chambre spacieuse","date":"8 mai 2021","format":false,"excerpt":"Chambre spacieuse, d\u00e9cor\u00e9e de meubles design, salle de bain priv\u00e9e, WC \u00e0 l'ext\u00e9rieur de la chambre. \u00c9quipements de la chambre Salle de bain priv\u00e9e Serviettes Gel douche S\u00e8che cheveux Petit d\u00e9jeuner compris 8:00 - 9:30 Wifi Animaux accept\u00e9s Enfant de moins de 3 ans non-autoris\u00e9 Calme R\u00e9servation R\u00c9SERVER Pour r\u00e9server\u2026","rel":"","context":"Article similaire","img":{"alt_text":"","src":"https:\/\/i0.wp.com\/chambreliberte.com\/wp-content\/uploads\/2022\/11\/237338696_525344645242867_5002310289412174559_n.jpg?resize=350%2C200&ssl=1","width":350,"height":200},"classes":[]},{"id":5,"url":"https:\/\/chambreliberte.com\/","url_meta":{"origin":292,"position":5},"title":"PAGE D&rsquo;ACCUEIL","date":"5 mai 2021","format":false,"excerpt":"Welcome Libert\u00e9 vous accueille. Libert\u00e9 est localis\u00e9 \u00e0 Marseille. En plein coeur du centre ville. \u00c0 deux pas de la Gare Saint Charles. L\u2019\u00e9tablissement dispose de deux chambres d\u2019h\u00f4tes et d\u2019un petit studio haussmannien priv\u00e9. Suivez-nous sur Instagram :) @chambreliberte Chambres 2 Studio 1 Grande chambre design Chambre spacieuse Petit\u2026","rel":"","context":"Article similaire","img":{"alt_text":"","src":"https:\/\/i1.wp.com\/chambreliberte.com\/wp-content\/uploads\/2021\/08\/SALONNEW2.png?resize=350%2C200&ssl=1","width":350,"height":200},"classes":[]}],"_links":{"self":[{"href":"https:\/\/chambreliberte.com\/index.php\/wp-json\/wp\/v2\/pages\/292"}],"collection":[{"href":"https:\/\/chambreliberte.com\/index.php\/wp-json\/wp\/v2\/pages"}],"about":[{"href":"https:\/\/chambreliberte.com\/index.php\/wp-json\/wp\/v2\/types\/page"}],"author":[{"embeddable":true,"href":"https:\/\/chambreliberte.com\/index.php\/wp-json\/wp\/v2\/users\/1"}],"replies":[{"embeddable":true,"href":"https:\/\/chambreliberte.com\/index.php\/wp-json\/wp\/v2\/comments?post=292"}],"version-history":[{"count":1,"href":"https:\/\/chambreliberte.com\/index.php\/wp-json\/wp\/v2\/pages\/292\/revisions"}],"predecessor-version":[{"id":293,"href":"https:\/\/chambreliberte.com\/index.php\/wp-json\/wp\/v2\/pages\/292\/revisions\/293"}],"wp:attachment":[{"href":"https:\/\/chambreliberte.com\/index.php\/wp-json\/wp\/v2\/media?parent=292"}],"curies":[{"name":"wp","href":"https:\/\/api.w.org\/{rel}","templated":true}]}}